{"id":371,"date":"2023-12-07T12:53:29","date_gmt":"2023-12-07T12:53:29","guid":{"rendered":"https:\/\/sccluk.wpenginepowered.com\/?page_id=371"},"modified":"2024-01-03T17:18:04","modified_gmt":"2024-01-03T17:18:04","slug":"terms-of-service","status":"publish","type":"page","link":"https:\/\/uk.sccl.com\/pt\/terms-of-service\/","title":{"rendered":"Termos de Servi\u00e7o"},"content":{"rendered":"<div data-elementor-type=\"wp-page\" data-elementor-id=\"371\" class=\"elementor elementor-371\" data-elementor-post-type=\"page\">\n\t\t\t\t<div class=\"elementor-element elementor-element-3b51429 e-flex e-con-boxed e-con e-parent\" data-id=\"3b51429\" data-element_type=\"container\" data-settings=\"{&quot;jet_parallax_layout_list&quot;:[]}\">\n\t\t\t\t\t<div class=\"e-con-inner\">\n\t\t\t\t<div class=\"elementor-element elementor-element-998854f elementor-widget elementor-widget-heading\" data-id=\"998854f\" data-element_type=\"widget\" data-widget_type=\"heading.default\">\n\t\t\t\t<div class=\"elementor-widget-container\">\n\t\t\t\t\t<h2 class=\"elementor-heading-title elementor-size-default\">Termos de Servi\u00e7o<\/h2>\t\t\t\t<\/div>\n\t\t\t\t<\/div>\n\t\t\t\t\t<\/div>\n\t\t\t\t<\/div>\n\t\t<div class=\"elementor-element elementor-element-4c708e6 e-flex e-con-boxed e-con e-parent\" data-id=\"4c708e6\" data-element_type=\"container\" data-settings=\"{&quot;jet_parallax_layout_list&quot;:[]}\">\n\t\t\t\t\t<div class=\"e-con-inner\">\n\t\t\t\t<div class=\"elementor-element elementor-element-226f686 elementor-widget elementor-widget-text-editor\" data-id=\"226f686\" data-element_type=\"widget\" data-widget_type=\"text-editor.default\">\n\t\t\t\t<div class=\"elementor-widget-container\">\n\t\t\t\t\t\t\t\t\t<p>(1) Introdu\u00e7\u00e3o - Esta isen\u00e7\u00e3o de responsabilidade rege o uso de nosso site; ao usar nosso site, voc\u00ea aceita esta isen\u00e7\u00e3o de responsabilidade na \u00edntegra. Se voc\u00ea n\u00e3o concordar com qualquer parte desta isen\u00e7\u00e3o de responsabilidade, n\u00e3o use nosso site.<\/p><p>(2) Direitos de propriedade intelectual - Salvo indica\u00e7\u00e3o em contr\u00e1rio, n\u00f3s ou nossos licenciadores detemos os direitos de propriedade intelectual do site e do material nele contido. Sujeitos \u00e0 licen\u00e7a abaixo, todos os nossos direitos de propriedade intelectual s\u00e3o reservados.<\/p><p>(3) Licen\u00e7a de uso do site - Voc\u00ea pode visualizar, fazer download apenas para fins de cache e imprimir p\u00e1ginas do site, desde que:<\/p><p>(a) Voc\u00ea n\u00e3o deve republicar o material deste site (incluindo a republica\u00e7\u00e3o em outro site), nem reproduzir ou armazenar o material deste site em qualquer sistema de recupera\u00e7\u00e3o eletr\u00f4nica p\u00fablico ou privado. (Embora incentivemos o uso justo para fins acad\u00eamicos\/n\u00e3o comerciais);<\/p><p>(b) Voc\u00ea n\u00e3o deve reproduzir, duplicar, copiar, vender, revender, visitar ou explorar de outra forma o nosso site ou o material nele contido para fins comerciais, sem o nosso consentimento expresso por escrito;<\/p><p>(4) Limita\u00e7\u00f5es de responsabilidade - As informa\u00e7\u00f5es contidas neste site s\u00e3o fornecidas gratuitamente, e voc\u00ea reconhece que n\u00e3o seria razo\u00e1vel nos responsabilizar em rela\u00e7\u00e3o a este site e \u00e0s informa\u00e7\u00f5es nele contidas.<\/p><p>Embora nos esforcemos para garantir que as informa\u00e7\u00f5es contidas neste site estejam corretas, n\u00e3o garantimos sua integridade ou precis\u00e3o, nem nos comprometemos a garantir que o site permane\u00e7a dispon\u00edvel ou que o material nele contido seja mantido atualizado.<\/p><p>Na extens\u00e3o m\u00e1xima permitida pela lei aplic\u00e1vel, exclu\u00edmos todas as representa\u00e7\u00f5es, garantias e condi\u00e7\u00f5es (incluindo, sem limita\u00e7\u00e3o, as condi\u00e7\u00f5es impl\u00edcitas por lei de qualidade satisfat\u00f3ria, adequa\u00e7\u00e3o \u00e0 finalidade e uso de cuidado e habilidade razo\u00e1veis).<\/p><p>Nossa responsabilidade \u00e9 limitada e exclu\u00edda at\u00e9 o limite m\u00e1ximo permitido pela legisla\u00e7\u00e3o aplic\u00e1vel. N\u00e3o seremos respons\u00e1veis por qualquer perda ou dano direto, indireto ou consequente decorrente desta isen\u00e7\u00e3o de responsabilidade ou em conex\u00e3o com o nosso site, seja por ato il\u00edcito, contrato ou de outra forma, incluindo, sem limita\u00e7\u00e3o, qualquer perda de lucro, contratos, neg\u00f3cios, boa vontade, dados, renda, receita ou economias antecipadas.<\/p><p>No entanto, nada nesta isen\u00e7\u00e3o de responsabilidade excluir\u00e1 ou limitar\u00e1 nossa responsabilidade por fraude, por morte ou danos pessoais causados por nossa neglig\u00eancia ou por qualquer outra responsabilidade que n\u00e3o possa ser exclu\u00edda ou limitada pela legisla\u00e7\u00e3o aplic\u00e1vel.<\/p><p>(5) Postagem em f\u00f3runs\/coment\u00e1rios - Voc\u00ea n\u00e3o deve usar nosso site de forma que cause, ou possa causar, danos ao site ou preju\u00edzo \u00e0 disponibilidade ou acessibilidade do site.<\/p><p>Voc\u00ea n\u00e3o deve usar nosso site de forma ilegal, il\u00edcita, fraudulenta ou prejudicial, ou em conex\u00e3o com qualquer finalidade ou atividade ilegal, il\u00edcita, fraudulenta ou prejudicial.<\/p><p>Voc\u00ea n\u00e3o deve usar nosso site para quaisquer fins relacionados a marketing sem nosso consentimento expresso por escrito.<\/p><p>Voc\u00ea n\u00e3o deve usar nosso site para copiar, publicar ou enviar correspond\u00eancias em massa ou spam.<\/p><p>Voc\u00ea n\u00e3o deve usar nosso site para copiar, publicar ou enviar material que seja ilegal ou il\u00edcito, ou material que possa dar origem a a\u00e7\u00f5es legais de acordo com a legisla\u00e7\u00e3o inglesa e outras leis aplic\u00e1veis. Todo material que voc\u00ea copiar, publicar ou enviar por meio de nosso site n\u00e3o deve ser difamat\u00f3rio, obsceno, indecente, odioso, discriminat\u00f3rio ou inflamat\u00f3rio; esse material n\u00e3o deve infringir os direitos de propriedade intelectual ou os direitos de confian\u00e7a de qualquer pessoa, violar a privacidade de qualquer pessoa ou constituir incita\u00e7\u00e3o \u00e0 pr\u00e1tica de crime; al\u00e9m disso, o material n\u00e3o deve ser enganoso, ilus\u00f3rio, pornogr\u00e1fico, amea\u00e7ador, abusivo, assediador ou amea\u00e7ador.<\/p><p>Reservamo-nos o direito de editar ou remover qualquer material publicado em nosso site.<\/p><p>Poderemos tomar as medidas que considerarmos apropriadas para lidar com a publica\u00e7\u00e3o de material inadequado, inclusive suspender ou cancelar sua conta, restringir seu acesso ao nosso site ou iniciar processos legais contra voc\u00ea.<\/p><p>Com rela\u00e7\u00e3o a todo material que voc\u00ea publicar em nosso site, voc\u00ea nos concede uma licen\u00e7a mundial, irrevog\u00e1vel, n\u00e3o exclusiva e isenta de royalties para usar, reproduzir, adaptar, publicar, traduzir e distribuir esse material em qualquer m\u00eddia, juntamente com o direito de sublicenciar esses direitos.<\/p><p>(6) Sites de terceiros<\/p><p>O site cont\u00e9m links para outros sites. N\u00e3o nos responsabilizamos pelo conte\u00fado de sites de terceiros.<\/p><p>(7) Varia\u00e7\u00e3o - Podemos revisar este aviso de isen\u00e7\u00e3o de responsabilidade de tempos em tempos. Consulte esta p\u00e1gina regularmente para garantir que voc\u00ea esteja familiarizado com a vers\u00e3o atual.<\/p><p>(8) Acordo integral - Esta isen\u00e7\u00e3o de responsabilidade constitui o acordo integral entre o usu\u00e1rio e n\u00f3s em rela\u00e7\u00e3o ao uso do nosso site e substitui todos os acordos anteriores em rela\u00e7\u00e3o ao uso deste site.<\/p><p>(9) Lei e jurisdi\u00e7\u00e3o - Este aviso ser\u00e1 regido e interpretado de acordo com a lei canadense, e quaisquer disputas relacionadas a este aviso estar\u00e3o sujeitas \u00e0 jurisdi\u00e7\u00e3o exclusiva dos tribunais do Canad\u00e1.<\/p><p>(10) Nossos dados de contato - Voc\u00ea pode entrar em contato conosco por e-mail em\u00a0<a href=\"mailto:support@devsccl.wpengine.com\">support@uk.sccl.com<\/a><\/p>\t\t\t\t\t\t\t\t<\/div>\n\t\t\t\t<\/div>\n\t\t\t\t\t<\/div>\n\t\t\t\t<\/div>\n\t\t\t\t<\/div>","protected":false},"excerpt":{"rendered":"<p>Termos de Servi\u00e7o (1) Introdu\u00e7\u00e3o - Esta isen\u00e7\u00e3o de responsabilidade rege o uso do nosso site; ao usar o site, voc\u00ea aceita esta isen\u00e7\u00e3o de responsabilidade na \u00edntegra. Se voc\u00ea n\u00e3o concordar com qualquer parte desta isen\u00e7\u00e3o de responsabilidade, n\u00e3o use nosso site. (2) Direitos de propriedade intelectual - Salvo indica\u00e7\u00e3o em contr\u00e1rio, n\u00f3s ou nossos licenciadores detemos os direitos de propriedade intelectual [...]<\/p>","protected":false},"author":4,"featured_media":0,"parent":0,"menu_order":0,"comment_status":"closed","ping_status":"closed","template":"","meta":{"_acf_changed":false,"footnotes":""},"class_list":["post-371","page","type-page","status-publish","hentry"],"acf":[],"yoast_head":"<!-- This site is optimized with the Yoast SEO plugin v26.4 - https:\/\/yoast.com\/wordpress\/plugins\/seo\/ -->\n<title>Terms of Service - SCCL<\/title>\n<meta name=\"robots\" content=\"index, follow, max-snippet:-1, max-image-preview:large, max-video-preview:-1\" \/>\n<link rel=\"canonical\" href=\"https:\/\/uk.sccl.com\/pt\/terms-of-service\/\" \/>\n<meta property=\"og:locale\" content=\"pt_BR\" \/>\n<meta property=\"og:type\" content=\"article\" \/>\n<meta property=\"og:title\" content=\"Terms of Service - SCCL\" \/>\n<meta property=\"og:description\" content=\"Terms of Service (1) Introduction \u2013 This disclaimer governs your use of our website; by using our website, you accept this disclaimer in full. If you disagree with any part of this disclaimer, do not use our website. (2) Intellectual Property Rights \u2013 Unless otherwise stated, we or our licensors own the intellectual property rights [&hellip;]\" \/>\n<meta property=\"og:url\" content=\"https:\/\/uk.sccl.com\/pt\/terms-of-service\/\" \/>\n<meta property=\"og:site_name\" content=\"SCCL\" \/>\n<meta property=\"article:modified_time\" content=\"2024-01-03T17:18:04+00:00\" \/>\n<meta name=\"twitter:card\" content=\"summary_large_image\" \/>\n<meta name=\"twitter:label1\" content=\"Est. tempo de leitura\" \/>\n\t<meta name=\"twitter:data1\" content=\"4 minutos\" \/>\n<script type=\"application\/ld+json\" class=\"yoast-schema-graph\">{\"@context\":\"https:\/\/schema.org\",\"@graph\":[{\"@type\":\"WebPage\",\"@id\":\"https:\/\/uk.sccl.com\/terms-of-service\/\",\"url\":\"https:\/\/uk.sccl.com\/terms-of-service\/\",\"name\":\"Terms of Service - SCCL\",\"isPartOf\":{\"@id\":\"https:\/\/uk.sccl.com\/#website\"},\"datePublished\":\"2023-12-07T12:53:29+00:00\",\"dateModified\":\"2024-01-03T17:18:04+00:00\",\"breadcrumb\":{\"@id\":\"https:\/\/uk.sccl.com\/terms-of-service\/#breadcrumb\"},\"inLanguage\":\"pt-BR\",\"potentialAction\":[{\"@type\":\"ReadAction\",\"target\":[\"https:\/\/uk.sccl.com\/terms-of-service\/\"]}]},{\"@type\":\"BreadcrumbList\",\"@id\":\"https:\/\/uk.sccl.com\/terms-of-service\/#breadcrumb\",\"itemListElement\":[{\"@type\":\"ListItem\",\"position\":1,\"name\":\"Home\",\"item\":\"https:\/\/uk.sccl.com\/\"},{\"@type\":\"ListItem\",\"position\":2,\"name\":\"Terms of Service\"}]},{\"@type\":\"WebSite\",\"@id\":\"https:\/\/uk.sccl.com\/#website\",\"url\":\"https:\/\/uk.sccl.com\/\",\"name\":\"SCCL\",\"description\":\"\",\"publisher\":{\"@id\":\"https:\/\/uk.sccl.com\/#organization\"},\"potentialAction\":[{\"@type\":\"SearchAction\",\"target\":{\"@type\":\"EntryPoint\",\"urlTemplate\":\"https:\/\/uk.sccl.com\/?s={search_term_string}\"},\"query-input\":{\"@type\":\"PropertyValueSpecification\",\"valueRequired\":true,\"valueName\":\"search_term_string\"}}],\"inLanguage\":\"pt-BR\"},{\"@type\":\"Organization\",\"@id\":\"https:\/\/uk.sccl.com\/#organization\",\"name\":\"SCCL\",\"url\":\"https:\/\/uk.sccl.com\/\",\"logo\":{\"@type\":\"ImageObject\",\"inLanguage\":\"pt-BR\",\"@id\":\"https:\/\/uk.sccl.com\/#\/schema\/logo\/image\/\",\"url\":\"https:\/\/uk.sccl.com\/wp-content\/uploads\/2023\/05\/logo.png\",\"contentUrl\":\"https:\/\/uk.sccl.com\/wp-content\/uploads\/2023\/05\/logo.png\",\"width\":100,\"height\":100,\"caption\":\"SCCL\"},\"image\":{\"@id\":\"https:\/\/uk.sccl.com\/#\/schema\/logo\/image\/\"}}]}<\/script>\n<!-- \/ Yoast SEO plugin. -->","yoast_head_json":{"title":"Terms of Service - SCCL","robots":{"index":"index","follow":"follow","max-snippet":"max-snippet:-1","max-image-preview":"max-image-preview:large","max-video-preview":"max-video-preview:-1"},"canonical":"https:\/\/uk.sccl.com\/pt\/terms-of-service\/","og_locale":"pt_BR","og_type":"article","og_title":"Terms of Service - SCCL","og_description":"Terms of Service (1) Introduction \u2013 This disclaimer governs your use of our website; by using our website, you accept this disclaimer in full. If you disagree with any part of this disclaimer, do not use our website. (2) Intellectual Property Rights \u2013 Unless otherwise stated, we or our licensors own the intellectual property rights [&hellip;]","og_url":"https:\/\/uk.sccl.com\/pt\/terms-of-service\/","og_site_name":"SCCL","article_modified_time":"2024-01-03T17:18:04+00:00","twitter_card":"summary_large_image","twitter_misc":{"Est. tempo de leitura":"4 minutos"},"schema":{"@context":"https:\/\/schema.org","@graph":[{"@type":"WebPage","@id":"https:\/\/uk.sccl.com\/terms-of-service\/","url":"https:\/\/uk.sccl.com\/terms-of-service\/","name":"Terms of Service - SCCL","isPartOf":{"@id":"https:\/\/uk.sccl.com\/#website"},"datePublished":"2023-12-07T12:53:29+00:00","dateModified":"2024-01-03T17:18:04+00:00","breadcrumb":{"@id":"https:\/\/uk.sccl.com\/terms-of-service\/#breadcrumb"},"inLanguage":"pt-BR","potentialAction":[{"@type":"ReadAction","target":["https:\/\/uk.sccl.com\/terms-of-service\/"]}]},{"@type":"BreadcrumbList","@id":"https:\/\/uk.sccl.com\/terms-of-service\/#breadcrumb","itemListElement":[{"@type":"ListItem","position":1,"name":"Home","item":"https:\/\/uk.sccl.com\/"},{"@type":"ListItem","position":2,"name":"Terms of Service"}]},{"@type":"WebSite","@id":"https:\/\/uk.sccl.com\/#website","url":"https:\/\/uk.sccl.com\/","name":"SCCL","description":"","publisher":{"@id":"https:\/\/uk.sccl.com\/#organization"},"potentialAction":[{"@type":"SearchAction","target":{"@type":"EntryPoint","urlTemplate":"https:\/\/uk.sccl.com\/?s={search_term_string}"},"query-input":{"@type":"PropertyValueSpecification","valueRequired":true,"valueName":"search_term_string"}}],"inLanguage":"pt-BR"},{"@type":"Organization","@id":"https:\/\/uk.sccl.com\/#organization","name":"SCCL","url":"https:\/\/uk.sccl.com\/","logo":{"@type":"ImageObject","inLanguage":"pt-BR","@id":"https:\/\/uk.sccl.com\/#\/schema\/logo\/image\/","url":"https:\/\/uk.sccl.com\/wp-content\/uploads\/2023\/05\/logo.png","contentUrl":"https:\/\/uk.sccl.com\/wp-content\/uploads\/2023\/05\/logo.png","width":100,"height":100,"caption":"SCCL"},"image":{"@id":"https:\/\/uk.sccl.com\/#\/schema\/logo\/image\/"}}]}},"_links":{"self":[{"href":"https:\/\/uk.sccl.com\/pt\/wp-json\/wp\/v2\/pages\/371","targetHints":{"allow":["GET"]}}],"collection":[{"href":"https:\/\/uk.sccl.com\/pt\/wp-json\/wp\/v2\/pages"}],"about":[{"href":"https:\/\/uk.sccl.com\/pt\/wp-json\/wp\/v2\/types\/page"}],"author":[{"embeddable":true,"href":"https:\/\/uk.sccl.com\/pt\/wp-json\/wp\/v2\/users\/4"}],"replies":[{"embeddable":true,"href":"https:\/\/uk.sccl.com\/pt\/wp-json\/wp\/v2\/comments?post=371"}],"version-history":[{"count":0,"href":"https:\/\/uk.sccl.com\/pt\/wp-json\/wp\/v2\/pages\/371\/revisions"}],"wp:attachment":[{"href":"https:\/\/uk.sccl.com\/pt\/wp-json\/wp\/v2\/media?parent=371"}],"curies":[{"name":"wp","href":"https:\/\/api.w.org\/{rel}","templated":true}]}}