{"id":376,"date":"2023-12-08T11:34:17","date_gmt":"2023-12-08T11:34:17","guid":{"rendered":"https:\/\/sccluk.wpenginepowered.com\/?page_id=376"},"modified":"2024-01-15T12:44:57","modified_gmt":"2024-01-15T12:44:57","slug":"disclaimer","status":"publish","type":"page","link":"https:\/\/uk.sccl.com\/fr\/disclaimer\/","title":{"rendered":"Clause de non-responsabilit\u00e9"},"content":{"rendered":"<div data-elementor-type=\"wp-page\" data-elementor-id=\"376\" class=\"elementor elementor-376\" data-elementor-post-type=\"page\">\n\t\t\t\t<div class=\"elementor-element elementor-element-3b51429 e-flex e-con-boxed e-con e-parent\" data-id=\"3b51429\" data-element_type=\"container\" data-settings=\"{&quot;jet_parallax_layout_list&quot;:[]}\">\n\t\t\t\t\t<div class=\"e-con-inner\">\n\t\t\t\t<div class=\"elementor-element elementor-element-b2b6afa elementor-widget elementor-widget-heading\" data-id=\"b2b6afa\" data-element_type=\"widget\" data-widget_type=\"heading.default\">\n\t\t\t\t<div class=\"elementor-widget-container\">\n\t\t\t\t\t<h2 class=\"elementor-heading-title elementor-size-default\">Clause de non-responsabilit\u00e9 du CSCL concernant les cours de formation continue et le contenu connexe<\/h2>\t\t\t\t<\/div>\n\t\t\t\t<\/div>\n\t\t\t\t<div data-dce-text-color=\"#797979\" class=\"elementor-element elementor-element-87eb105 elementor-widget elementor-widget-text-editor\" data-id=\"87eb105\" data-element_type=\"widget\" data-widget_type=\"text-editor.default\">\n\t\t\t\t<div class=\"elementor-widget-container\">\n\t\t\t\t\t\t\t\t\t<p>Les cours de formation continue de la Saskatoon Colostrum Company Ltd. (\" SCCL \") (les \" cours \"), ainsi que tout le mat\u00e9riel d'information et le contenu connexes, y compris, sans s'y limiter, le bulletin \u00e9lectronique et les pages d'affichage de la SCCL (\" contenu connexe \") qui apparaissent sur le site www.uk.sccl.com ou l'un de ses sous-domaines ou qui sont autrement fournis aux utilisateurs, sont offerts \" tels quels \" et sont destin\u00e9s \u00e0 la compr\u00e9hension et \u00e0 l'\u00e9ducation du consommateur en g\u00e9n\u00e9ral seulement. Tout acc\u00e8s aux cours ou au contenu connexe est volontaire et aux seuls risques de l'utilisateur. SCCL ne fait aucune d\u00e9claration et ne donne aucune garantie, expresse ou implicite, quant \u00e0 l'exhaustivit\u00e9, l'exactitude, la fiabilit\u00e9, l'ad\u00e9quation ou la disponibilit\u00e9 des cours ou du contenu connexe. Si l'utilisateur n'est pas satisfait des cours ou du contenu connexe, son seul et unique recours est de cesser d'utiliser les cours et le site.\u00a0<\/p><p>Aucun \u00e9l\u00e9ment des cours ou du contenu connexe ne doit \u00eatre consid\u00e9r\u00e9 comme un avis, un diagnostic ou un traitement m\u00e9dical v\u00e9t\u00e9rinaire, ni \u00eatre utilis\u00e9 comme un substitut \u00e0 un tel avis, diagnostic ou traitement. Les informations fournies sur le site web sont uniquement destin\u00e9es \u00e0 des fins \u00e9ducatives et informatives et ne doivent pas se substituer aux conseils d'un v\u00e9t\u00e9rinaire ou d'un autre professionnel. Les cours et le contenu connexe sont con\u00e7us pour \u00e9duquer les consommateurs sur les avantages g\u00e9n\u00e9raux du colostrum qui peuvent affecter la vie quotidienne de leur animal. Ce site et ses cours ne constituent pas la pratique d'un conseil, d'un diagnostic ou d'un traitement de m\u00e9decine v\u00e9t\u00e9rinaire ou d'un autre professionnel de la sant\u00e9 v\u00e9t\u00e9rinaire. SCCL d\u00e9cline toute responsabilit\u00e9 en cas de dommages ou de pertes, directs ou indirects, qui pourraient r\u00e9sulter de l'utilisation ou de la confiance accord\u00e9e aux informations contenues dans les cours ou le contenu connexe.\u00a0<\/p><p>Bien que l'acc\u00e8s aux cours et au contenu connexe soit ouvert aux utilisateurs du monde entier, le CSCL est organis\u00e9 selon les lois du Canada. Par cons\u00e9quent, les conditions du pr\u00e9sent avis de non-responsabilit\u00e9 sont r\u00e9gies par les lois de la Saskatchewan, au Canada, en ce qui concerne l'interpr\u00e9tation, la validit\u00e9 et l'effet du pr\u00e9sent avis de non-responsabilit\u00e9, sans tenir compte des dispositions relatives aux conflits de lois de votre domicile, de votre lieu de r\u00e9sidence ou de votre emplacement physique. Vous acceptez de vous soumettre \u00e0 la juridiction de la Saskatchewan.\u00a0<\/p><p>La SCCL conseille aux consommateurs de toujours demander l'avis d'un v\u00e9t\u00e9rinaire, d'un sp\u00e9cialiste v\u00e9t\u00e9rinaire ou d'un autre fournisseur de soins v\u00e9t\u00e9rinaires qualifi\u00e9 pour toute question concernant la sant\u00e9 ou les conditions m\u00e9dicales d'un animal. Ne n\u00e9gligez jamais, n'\u00e9vitez jamais ou ne retardez jamais l'obtention d'un avis m\u00e9dical aupr\u00e8s de votre v\u00e9t\u00e9rinaire ou d'un autre prestataire de soins v\u00e9t\u00e9rinaires qualifi\u00e9 en raison de ce que vous avez lu sur ce site.<\/p>\t\t\t\t\t\t\t\t<\/div>\n\t\t\t\t<\/div>\n\t\t\t\t\t<\/div>\n\t\t\t\t<\/div>\n\t\t<div class=\"elementor-element elementor-element-6b69f6e e-flex e-con-boxed e-con e-child\" data-id=\"6b69f6e\" data-element_type=\"container\" data-settings=\"{&quot;jet_parallax_layout_list&quot;:[]}\">\n\t\t\t\t\t<div class=\"e-con-inner\">\n\t\t\t\t<div class=\"elementor-element elementor-element-264b631 elementor-align-left elementor-widget elementor-widget-button\" data-id=\"264b631\" data-element_type=\"widget\" data-widget_type=\"button.default\">\n\t\t\t\t<div class=\"elementor-widget-container\">\n\t\t\t\t\t\t\t\t\t<div class=\"elementor-button-wrapper\">\n\t\t\t\t\t<a class=\"elementor-button elementor-button-link elementor-size-lg\" href=\"https:\/\/uk.sccl.com\/fr\/\">\n\t\t\t\t\t\t<span class=\"elementor-button-content-wrapper\">\n\t\t\t\t\t\t<span class=\"elementor-button-icon\">\n\t\t\t\t<svg xmlns=\"http:\/\/www.w3.org\/2000\/svg\" id=\"Layer_1\" viewbox=\"0 0 31 31\"><defs><style>.cls-1,.cls-2{fill:none;stroke:#181f24;stroke-linecap:round;stroke-linejoin:round;}.cls-2{stroke-width:2px;}<\/style><\/defs><g id=\"Icon_feather-arrow-right-circle\"><path id=\"Path_4159\" class=\"cls-1\" d=\"m.5,15.5c0,8.28,6.72,15,15,15s15-6.72,15-15S23.78.5,15.5.5.5,7.22.5,15.5Z\"><\/path><path id=\"Path_4160\" class=\"cls-2\" d=\"m15.5,20.15l-4.65-4.65,4.65-4.65\"><\/path><path id=\"Path_4161\" class=\"cls-2\" d=\"m20.14,15.5h-9.29\"><\/path><\/g><\/svg>\t\t\t<\/span>\n\t\t\t\t\t\t\t\t\t<span class=\"elementor-button-text\">Retourner \u00e0 la page d'accueil<\/span>\n\t\t\t\t\t<\/span>\n\t\t\t\t\t<\/a>\n\t\t\t\t<\/div>\n\t\t\t\t\t\t\t\t<\/div>\n\t\t\t\t<\/div>\n\t\t\t\t\t<\/div>\n\t\t\t\t<\/div>\n\t\t\t\t<\/div>","protected":false},"excerpt":{"rendered":"<p>SCCL Disclaimer for Continuing Education Courses &amp; Related Content Les cours de formation continue de Saskatoon Colostrum Company Ltd. (\" SCCL \") (les \" cours \"), ainsi que tout le mat\u00e9riel d'information et le contenu connexes, y compris, mais sans s'y limiter, le bulletin \u00e9lectronique et les pages d'affichage de SCCL (\" contenu connexe \") qui apparaissent sur le site www.uk.sccl.com ou l'un de ses sous-domaines ou qui sont autrement fournis aux utilisateurs, sont fournis sur [...]<\/p>","protected":false},"author":4,"featured_media":0,"parent":0,"menu_order":0,"comment_status":"closed","ping_status":"closed","template":"","meta":{"_acf_changed":false,"footnotes":""},"class_list":["post-376","page","type-page","status-publish","hentry"],"acf":[],"yoast_head":"<!-- This site is optimized with the Yoast SEO plugin v26.4 - https:\/\/yoast.com\/wordpress\/plugins\/seo\/ -->\n<title>Disclaimer - SCCL<\/title>\n<meta name=\"robots\" content=\"index, follow, max-snippet:-1, max-image-preview:large, max-video-preview:-1\" \/>\n<link rel=\"canonical\" href=\"https:\/\/uk.sccl.com\/fr\/disclaimer\/\" \/>\n<meta property=\"og:locale\" content=\"fr_CA\" \/>\n<meta property=\"og:type\" content=\"article\" \/>\n<meta property=\"og:title\" content=\"Disclaimer - SCCL\" \/>\n<meta property=\"og:description\" content=\"SCCL Disclaimer for Continuing Education Courses &#038; Related Content The Saskatoon Colostrum Company Ltd.\u2019s (\u201cSCCL\u201d) Continuing Education Courses (the \u201cCourses\u201d), and all related informational material and content including, without limitation, SCCL\u2019s e-newsletter and display pages (\u201cRelated Content\u201d) which appear on www.uk.sccl.com or any of its subdomains or are otherwise provided to users, are provided on [&hellip;]\" \/>\n<meta property=\"og:url\" content=\"https:\/\/uk.sccl.com\/fr\/disclaimer\/\" \/>\n<meta property=\"og:site_name\" content=\"SCCL\" \/>\n<meta property=\"article:modified_time\" content=\"2024-01-15T12:44:57+00:00\" \/>\n<meta name=\"twitter:card\" content=\"summary_large_image\" \/>\n<meta name=\"twitter:label1\" content=\"Estimation du temps de lecture\" \/>\n\t<meta name=\"twitter:data1\" content=\"2 minutes\" \/>\n<script type=\"application\/ld+json\" class=\"yoast-schema-graph\">{\"@context\":\"https:\/\/schema.org\",\"@graph\":[{\"@type\":\"WebPage\",\"@id\":\"https:\/\/uk.sccl.com\/disclaimer\/\",\"url\":\"https:\/\/uk.sccl.com\/disclaimer\/\",\"name\":\"Disclaimer - SCCL\",\"isPartOf\":{\"@id\":\"https:\/\/uk.sccl.com\/#website\"},\"datePublished\":\"2023-12-08T11:34:17+00:00\",\"dateModified\":\"2024-01-15T12:44:57+00:00\",\"breadcrumb\":{\"@id\":\"https:\/\/uk.sccl.com\/disclaimer\/#breadcrumb\"},\"inLanguage\":\"fr-CA\",\"potentialAction\":[{\"@type\":\"ReadAction\",\"target\":[\"https:\/\/uk.sccl.com\/disclaimer\/\"]}]},{\"@type\":\"BreadcrumbList\",\"@id\":\"https:\/\/uk.sccl.com\/disclaimer\/#breadcrumb\",\"itemListElement\":[{\"@type\":\"ListItem\",\"position\":1,\"name\":\"Home\",\"item\":\"https:\/\/uk.sccl.com\/\"},{\"@type\":\"ListItem\",\"position\":2,\"name\":\"Disclaimer\"}]},{\"@type\":\"WebSite\",\"@id\":\"https:\/\/uk.sccl.com\/#website\",\"url\":\"https:\/\/uk.sccl.com\/\",\"name\":\"SCCL\",\"description\":\"\",\"publisher\":{\"@id\":\"https:\/\/uk.sccl.com\/#organization\"},\"potentialAction\":[{\"@type\":\"SearchAction\",\"target\":{\"@type\":\"EntryPoint\",\"urlTemplate\":\"https:\/\/uk.sccl.com\/?s={search_term_string}\"},\"query-input\":{\"@type\":\"PropertyValueSpecification\",\"valueRequired\":true,\"valueName\":\"search_term_string\"}}],\"inLanguage\":\"fr-CA\"},{\"@type\":\"Organization\",\"@id\":\"https:\/\/uk.sccl.com\/#organization\",\"name\":\"SCCL\",\"url\":\"https:\/\/uk.sccl.com\/\",\"logo\":{\"@type\":\"ImageObject\",\"inLanguage\":\"fr-CA\",\"@id\":\"https:\/\/uk.sccl.com\/#\/schema\/logo\/image\/\",\"url\":\"https:\/\/uk.sccl.com\/wp-content\/uploads\/2023\/05\/logo.png\",\"contentUrl\":\"https:\/\/uk.sccl.com\/wp-content\/uploads\/2023\/05\/logo.png\",\"width\":100,\"height\":100,\"caption\":\"SCCL\"},\"image\":{\"@id\":\"https:\/\/uk.sccl.com\/#\/schema\/logo\/image\/\"}}]}<\/script>\n<!-- \/ Yoast SEO plugin. -->","yoast_head_json":{"title":"Disclaimer - SCCL","robots":{"index":"index","follow":"follow","max-snippet":"max-snippet:-1","max-image-preview":"max-image-preview:large","max-video-preview":"max-video-preview:-1"},"canonical":"https:\/\/uk.sccl.com\/fr\/disclaimer\/","og_locale":"fr_CA","og_type":"article","og_title":"Disclaimer - SCCL","og_description":"SCCL Disclaimer for Continuing Education Courses &#038; Related Content The Saskatoon Colostrum Company Ltd.\u2019s (\u201cSCCL\u201d) Continuing Education Courses (the \u201cCourses\u201d), and all related informational material and content including, without limitation, SCCL\u2019s e-newsletter and display pages (\u201cRelated Content\u201d) which appear on www.uk.sccl.com or any of its subdomains or are otherwise provided to users, are provided on [&hellip;]","og_url":"https:\/\/uk.sccl.com\/fr\/disclaimer\/","og_site_name":"SCCL","article_modified_time":"2024-01-15T12:44:57+00:00","twitter_card":"summary_large_image","twitter_misc":{"Estimation du temps de lecture":"2 minutes"},"schema":{"@context":"https:\/\/schema.org","@graph":[{"@type":"WebPage","@id":"https:\/\/uk.sccl.com\/disclaimer\/","url":"https:\/\/uk.sccl.com\/disclaimer\/","name":"Disclaimer - SCCL","isPartOf":{"@id":"https:\/\/uk.sccl.com\/#website"},"datePublished":"2023-12-08T11:34:17+00:00","dateModified":"2024-01-15T12:44:57+00:00","breadcrumb":{"@id":"https:\/\/uk.sccl.com\/disclaimer\/#breadcrumb"},"inLanguage":"fr-CA","potentialAction":[{"@type":"ReadAction","target":["https:\/\/uk.sccl.com\/disclaimer\/"]}]},{"@type":"BreadcrumbList","@id":"https:\/\/uk.sccl.com\/disclaimer\/#breadcrumb","itemListElement":[{"@type":"ListItem","position":1,"name":"Home","item":"https:\/\/uk.sccl.com\/"},{"@type":"ListItem","position":2,"name":"Disclaimer"}]},{"@type":"WebSite","@id":"https:\/\/uk.sccl.com\/#website","url":"https:\/\/uk.sccl.com\/","name":"SCCL","description":"","publisher":{"@id":"https:\/\/uk.sccl.com\/#organization"},"potentialAction":[{"@type":"SearchAction","target":{"@type":"EntryPoint","urlTemplate":"https:\/\/uk.sccl.com\/?s={search_term_string}"},"query-input":{"@type":"PropertyValueSpecification","valueRequired":true,"valueName":"search_term_string"}}],"inLanguage":"fr-CA"},{"@type":"Organization","@id":"https:\/\/uk.sccl.com\/#organization","name":"SCCL","url":"https:\/\/uk.sccl.com\/","logo":{"@type":"ImageObject","inLanguage":"fr-CA","@id":"https:\/\/uk.sccl.com\/#\/schema\/logo\/image\/","url":"https:\/\/uk.sccl.com\/wp-content\/uploads\/2023\/05\/logo.png","contentUrl":"https:\/\/uk.sccl.com\/wp-content\/uploads\/2023\/05\/logo.png","width":100,"height":100,"caption":"SCCL"},"image":{"@id":"https:\/\/uk.sccl.com\/#\/schema\/logo\/image\/"}}]}},"_links":{"self":[{"href":"https:\/\/uk.sccl.com\/fr\/wp-json\/wp\/v2\/pages\/376","targetHints":{"allow":["GET"]}}],"collection":[{"href":"https:\/\/uk.sccl.com\/fr\/wp-json\/wp\/v2\/pages"}],"about":[{"href":"https:\/\/uk.sccl.com\/fr\/wp-json\/wp\/v2\/types\/page"}],"author":[{"embeddable":true,"href":"https:\/\/uk.sccl.com\/fr\/wp-json\/wp\/v2\/users\/4"}],"replies":[{"embeddable":true,"href":"https:\/\/uk.sccl.com\/fr\/wp-json\/wp\/v2\/comments?post=376"}],"version-history":[{"count":0,"href":"https:\/\/uk.sccl.com\/fr\/wp-json\/wp\/v2\/pages\/376\/revisions"}],"wp:attachment":[{"href":"https:\/\/uk.sccl.com\/fr\/wp-json\/wp\/v2\/media?parent=376"}],"curies":[{"name":"wp","href":"https:\/\/api.w.org\/{rel}","templated":true}]}}