{"id":371,"date":"2023-12-07T12:53:29","date_gmt":"2023-12-07T12:53:29","guid":{"rendered":"https:\/\/sccluk.wpenginepowered.com\/?page_id=371"},"modified":"2024-01-03T17:18:04","modified_gmt":"2024-01-03T17:18:04","slug":"terms-of-service","status":"publish","type":"page","link":"https:\/\/uk.sccl.com\/fr\/terms-of-service\/","title":{"rendered":"Conditions d'utilisation"},"content":{"rendered":"<div data-elementor-type=\"wp-page\" data-elementor-id=\"371\" class=\"elementor elementor-371\" data-elementor-post-type=\"page\">\n\t\t\t\t<div class=\"elementor-element elementor-element-3b51429 e-flex e-con-boxed e-con e-parent\" data-id=\"3b51429\" data-element_type=\"container\" data-settings=\"{&quot;jet_parallax_layout_list&quot;:[]}\">\n\t\t\t\t\t<div class=\"e-con-inner\">\n\t\t\t\t<div class=\"elementor-element elementor-element-998854f elementor-widget elementor-widget-heading\" data-id=\"998854f\" data-element_type=\"widget\" data-widget_type=\"heading.default\">\n\t\t\t\t<div class=\"elementor-widget-container\">\n\t\t\t\t\t<h2 class=\"elementor-heading-title elementor-size-default\">Conditions d'utilisation<\/h2>\t\t\t\t<\/div>\n\t\t\t\t<\/div>\n\t\t\t\t\t<\/div>\n\t\t\t\t<\/div>\n\t\t<div class=\"elementor-element elementor-element-4c708e6 e-flex e-con-boxed e-con e-parent\" data-id=\"4c708e6\" data-element_type=\"container\" data-settings=\"{&quot;jet_parallax_layout_list&quot;:[]}\">\n\t\t\t\t\t<div class=\"e-con-inner\">\n\t\t\t\t<div class=\"elementor-element elementor-element-226f686 elementor-widget elementor-widget-text-editor\" data-id=\"226f686\" data-element_type=\"widget\" data-widget_type=\"text-editor.default\">\n\t\t\t\t<div class=\"elementor-widget-container\">\n\t\t\t\t\t\t\t\t\t<p>(1) Introduction - La pr\u00e9sente clause de non-responsabilit\u00e9 r\u00e9git votre utilisation de notre site web ; en utilisant notre site web, vous acceptez cette clause de non-responsabilit\u00e9 dans son int\u00e9gralit\u00e9. Si vous n'\u00eates pas d'accord avec une quelconque partie de cette clause de non-responsabilit\u00e9, n'utilisez pas notre site web.<\/p><p>(2) Droits de propri\u00e9t\u00e9 intellectuelle - Sauf indication contraire, nous ou nos conc\u00e9dants de licence d\u00e9tenons les droits de propri\u00e9t\u00e9 intellectuelle sur le site web et le mat\u00e9riel qui s'y trouve. Sous r\u00e9serve de la licence ci-dessous, tous nos droits de propri\u00e9t\u00e9 intellectuelle sont r\u00e9serv\u00e9s.<\/p><p>(3) Licence d'utilisation du site web - Vous pouvez visualiser, t\u00e9l\u00e9charger \u00e0 des fins de mise en cache uniquement, et imprimer des pages du site web, \u00e0 condition que :<\/p><p>(a) Vous ne devez pas republier le contenu de ce site web (y compris la republication sur un autre site web), ni reproduire ou stocker le contenu de ce site web dans un syst\u00e8me de recherche \u00e9lectronique public ou priv\u00e9. (Nous encourageons toutefois une utilisation \u00e9quitable \u00e0 des fins universitaires ou non commerciales) ;<\/p><p>(b) Vous ne devez pas reproduire, copier, vendre, revendre, visiter ou exploiter de toute autre mani\u00e8re notre site web ou son contenu \u00e0 des fins commerciales, sans notre autorisation \u00e9crite expresse ;<\/p><p>(4) Limitations de responsabilit\u00e9 - Les informations contenues dans ce site sont fournies gratuitement et vous reconnaissez qu'il serait d\u00e9raisonnable de nous tenir pour responsables de ce site et des informations qu'il contient.<\/p><p>Bien que nous nous efforcions de veiller \u00e0 ce que les informations contenues dans ce site soient correctes, nous ne garantissons pas leur exhaustivit\u00e9 ou leur exactitude ; nous ne nous engageons pas non plus \u00e0 veiller \u00e0 ce que le site reste disponible ou \u00e0 ce que le mat\u00e9riel contenu dans ce site soit tenu \u00e0 jour.<\/p><p>Dans toute la mesure permise par la loi applicable, nous excluons toutes les d\u00e9clarations, garanties et conditions (y compris, mais sans s'y limiter, les conditions implicites de qualit\u00e9 satisfaisante, d'ad\u00e9quation \u00e0 l'objectif et d'utilisation d'un soin et d'une comp\u00e9tence raisonnables).<\/p><p>Notre responsabilit\u00e9 est limit\u00e9e et exclue dans la mesure maximale autoris\u00e9e par la loi applicable. Nous ne serons pas responsables des pertes ou dommages directs, indirects ou cons\u00e9cutifs d\u00e9coulant de la pr\u00e9sente clause de non-responsabilit\u00e9 ou en rapport avec notre site web, qu'ils soient d'origine d\u00e9lictuelle, contractuelle ou autre - y compris, sans s'y limiter, toute perte de profit, de contrat, d'activit\u00e9, de client\u00e8le, de donn\u00e9es, de revenu, de recettes ou d'\u00e9conomies anticip\u00e9es.<\/p><p>Toutefois, aucune disposition de la pr\u00e9sente clause de non-responsabilit\u00e9 n'exclut ou ne limite notre responsabilit\u00e9 en cas de fraude, de d\u00e9c\u00e8s ou de dommages corporels caus\u00e9s par notre n\u00e9gligence, ou pour toute autre responsabilit\u00e9 qui ne peut \u00eatre exclue ou limit\u00e9e en vertu de la loi applicable.<\/p><p>(5) Publication sur les forums \/ commentaires - Vous ne devez pas utiliser notre site web d'une mani\u00e8re qui cause, ou pourrait causer, des dommages au site web ou une atteinte \u00e0 la disponibilit\u00e9 ou \u00e0 l'accessibilit\u00e9 du site web.<\/p><p>Vous ne devez pas utiliser notre site web d'une mani\u00e8re ill\u00e9gale, illicite, frauduleuse ou pr\u00e9judiciable, ou en relation avec un objectif ou une activit\u00e9 ill\u00e9gale, illicite, frauduleuse ou pr\u00e9judiciable.<\/p><p>Vous ne devez pas utiliser notre site web \u00e0 des fins li\u00e9es au marketing sans notre consentement \u00e9crit expr\u00e8s.<\/p><p>Vous ne devez pas utiliser notre site web pour copier, publier ou envoyer des courriers de masse ou du spam.<\/p><p>Vous ne devez pas utiliser notre site web pour copier, publier ou envoyer du mat\u00e9riel ill\u00e9gal ou illicite, ou du mat\u00e9riel qui pourrait donner lieu \u00e0 une action en justice en vertu de la loi anglaise ou d'autres lois applicables. Tout mat\u00e9riel que vous copiez, publiez ou envoyez via notre site web ne doit pas \u00eatre diffamatoire, obsc\u00e8ne, ind\u00e9cent, haineux, discriminatoire ou incendiaire ; ce mat\u00e9riel ne doit pas enfreindre les droits de propri\u00e9t\u00e9 intellectuelle ou les droits de confiance d'une personne, empi\u00e9ter sur la vie priv\u00e9e d'une personne ou constituer une incitation \u00e0 commettre un d\u00e9lit ; en outre, le mat\u00e9riel ne doit pas \u00eatre trompeur, mensonger, pornographique, mena\u00e7ant, abusif, harcelant ou mena\u00e7ant.<\/p><p>Nous nous r\u00e9servons le droit de modifier ou de supprimer tout mat\u00e9riel publi\u00e9 sur notre site web.<\/p><p>Nous pouvons prendre les mesures que nous jugeons appropri\u00e9es pour faire face \u00e0 la publication de mat\u00e9riel inappropri\u00e9, y compris la suspension ou l'annulation de votre compte, la restriction de votre acc\u00e8s \u00e0 notre site web ou l'ouverture d'une proc\u00e9dure judiciaire \u00e0 votre encontre.<\/p><p>En ce qui concerne tous les \u00e9l\u00e9ments que vous publiez sur notre site web, vous nous accordez une licence mondiale, irr\u00e9vocable, non exclusive et libre de redevances pour utiliser, reproduire, adapter, publier, traduire et distribuer ces \u00e9l\u00e9ments dans tous les m\u00e9dias, ainsi que le droit d'accorder des sous-licences pour ces droits.<\/p><p>(6) Sites web de tiers<\/p><p>Le site web contient des liens vers d'autres sites web. Nous ne sommes pas responsables du contenu des sites web de tiers.<\/p><p>(7) Variation - Nous pouvons r\u00e9viser cette clause de non-responsabilit\u00e9 de temps \u00e0 autre. Veuillez consulter r\u00e9guli\u00e8rement cette page pour vous assurer que vous connaissez la version actuelle.<\/p><p>(8) Int\u00e9gralit\u00e9 de l'accord - La pr\u00e9sente clause de non-responsabilit\u00e9 constitue l'int\u00e9gralit\u00e9 de l'accord entre vous et nous en ce qui concerne votre utilisation de notre site web et remplace tous les accords ant\u00e9rieurs relatifs \u00e0 votre utilisation de ce site web.<\/p><p>(9) Droit et juridiction - Le pr\u00e9sent avis est r\u00e9gi et interpr\u00e9t\u00e9 conform\u00e9ment au droit canadien, et tout litige relatif \u00e0 cet avis rel\u00e8ve de la comp\u00e9tence exclusive des tribunaux du Canada.<\/p><p>(10) Nos coordonn\u00e9es - Vous pouvez nous contacter par courrier \u00e9lectronique \u00e0 l'adresse suivante\u00a0<a href=\"mailto:support@devsccl.wpengine.com\">support@uk.sccl.com<\/a><\/p>\t\t\t\t\t\t\t\t<\/div>\n\t\t\t\t<\/div>\n\t\t\t\t\t<\/div>\n\t\t\t\t<\/div>\n\t\t\t\t<\/div>","protected":false},"excerpt":{"rendered":"<p>Conditions d'utilisation (1) Introduction - La pr\u00e9sente clause de non-responsabilit\u00e9 r\u00e9git votre utilisation de notre site web ; en utilisant notre site web, vous acceptez cette clause de non-responsabilit\u00e9 dans son int\u00e9gralit\u00e9. Si vous n'\u00eates pas d'accord avec une quelconque partie de cette clause de non-responsabilit\u00e9, n'utilisez pas notre site web. (2) Droits de propri\u00e9t\u00e9 intellectuelle - Sauf indication contraire, nous ou nos conc\u00e9dants de licence d\u00e9tenons les droits de propri\u00e9t\u00e9 intellectuelle [...]<\/p>","protected":false},"author":4,"featured_media":0,"parent":0,"menu_order":0,"comment_status":"closed","ping_status":"closed","template":"","meta":{"_acf_changed":false,"footnotes":""},"class_list":["post-371","page","type-page","status-publish","hentry"],"acf":[],"yoast_head":"<!-- This site is optimized with the Yoast SEO plugin v26.4 - https:\/\/yoast.com\/wordpress\/plugins\/seo\/ -->\n<title>Terms of Service - SCCL<\/title>\n<meta name=\"robots\" content=\"index, follow, max-snippet:-1, max-image-preview:large, max-video-preview:-1\" \/>\n<link rel=\"canonical\" href=\"https:\/\/uk.sccl.com\/fr\/terms-of-service\/\" \/>\n<meta property=\"og:locale\" content=\"fr_CA\" \/>\n<meta property=\"og:type\" content=\"article\" \/>\n<meta property=\"og:title\" content=\"Terms of Service - SCCL\" \/>\n<meta property=\"og:description\" content=\"Terms of Service (1) Introduction \u2013 This disclaimer governs your use of our website; by using our website, you accept this disclaimer in full. If you disagree with any part of this disclaimer, do not use our website. (2) Intellectual Property Rights \u2013 Unless otherwise stated, we or our licensors own the intellectual property rights [&hellip;]\" \/>\n<meta property=\"og:url\" content=\"https:\/\/uk.sccl.com\/fr\/terms-of-service\/\" \/>\n<meta property=\"og:site_name\" content=\"SCCL\" \/>\n<meta property=\"article:modified_time\" content=\"2024-01-03T17:18:04+00:00\" \/>\n<meta name=\"twitter:card\" content=\"summary_large_image\" \/>\n<meta name=\"twitter:label1\" content=\"Estimation du temps de lecture\" \/>\n\t<meta name=\"twitter:data1\" content=\"4 minutes\" \/>\n<script type=\"application\/ld+json\" class=\"yoast-schema-graph\">{\"@context\":\"https:\/\/schema.org\",\"@graph\":[{\"@type\":\"WebPage\",\"@id\":\"https:\/\/uk.sccl.com\/terms-of-service\/\",\"url\":\"https:\/\/uk.sccl.com\/terms-of-service\/\",\"name\":\"Terms of Service - SCCL\",\"isPartOf\":{\"@id\":\"https:\/\/uk.sccl.com\/#website\"},\"datePublished\":\"2023-12-07T12:53:29+00:00\",\"dateModified\":\"2024-01-03T17:18:04+00:00\",\"breadcrumb\":{\"@id\":\"https:\/\/uk.sccl.com\/terms-of-service\/#breadcrumb\"},\"inLanguage\":\"fr-CA\",\"potentialAction\":[{\"@type\":\"ReadAction\",\"target\":[\"https:\/\/uk.sccl.com\/terms-of-service\/\"]}]},{\"@type\":\"BreadcrumbList\",\"@id\":\"https:\/\/uk.sccl.com\/terms-of-service\/#breadcrumb\",\"itemListElement\":[{\"@type\":\"ListItem\",\"position\":1,\"name\":\"Home\",\"item\":\"https:\/\/uk.sccl.com\/\"},{\"@type\":\"ListItem\",\"position\":2,\"name\":\"Terms of Service\"}]},{\"@type\":\"WebSite\",\"@id\":\"https:\/\/uk.sccl.com\/#website\",\"url\":\"https:\/\/uk.sccl.com\/\",\"name\":\"SCCL\",\"description\":\"\",\"publisher\":{\"@id\":\"https:\/\/uk.sccl.com\/#organization\"},\"potentialAction\":[{\"@type\":\"SearchAction\",\"target\":{\"@type\":\"EntryPoint\",\"urlTemplate\":\"https:\/\/uk.sccl.com\/?s={search_term_string}\"},\"query-input\":{\"@type\":\"PropertyValueSpecification\",\"valueRequired\":true,\"valueName\":\"search_term_string\"}}],\"inLanguage\":\"fr-CA\"},{\"@type\":\"Organization\",\"@id\":\"https:\/\/uk.sccl.com\/#organization\",\"name\":\"SCCL\",\"url\":\"https:\/\/uk.sccl.com\/\",\"logo\":{\"@type\":\"ImageObject\",\"inLanguage\":\"fr-CA\",\"@id\":\"https:\/\/uk.sccl.com\/#\/schema\/logo\/image\/\",\"url\":\"https:\/\/uk.sccl.com\/wp-content\/uploads\/2023\/05\/logo.png\",\"contentUrl\":\"https:\/\/uk.sccl.com\/wp-content\/uploads\/2023\/05\/logo.png\",\"width\":100,\"height\":100,\"caption\":\"SCCL\"},\"image\":{\"@id\":\"https:\/\/uk.sccl.com\/#\/schema\/logo\/image\/\"}}]}<\/script>\n<!-- \/ Yoast SEO plugin. -->","yoast_head_json":{"title":"Terms of Service - SCCL","robots":{"index":"index","follow":"follow","max-snippet":"max-snippet:-1","max-image-preview":"max-image-preview:large","max-video-preview":"max-video-preview:-1"},"canonical":"https:\/\/uk.sccl.com\/fr\/terms-of-service\/","og_locale":"fr_CA","og_type":"article","og_title":"Terms of Service - SCCL","og_description":"Terms of Service (1) Introduction \u2013 This disclaimer governs your use of our website; by using our website, you accept this disclaimer in full. If you disagree with any part of this disclaimer, do not use our website. (2) Intellectual Property Rights \u2013 Unless otherwise stated, we or our licensors own the intellectual property rights [&hellip;]","og_url":"https:\/\/uk.sccl.com\/fr\/terms-of-service\/","og_site_name":"SCCL","article_modified_time":"2024-01-03T17:18:04+00:00","twitter_card":"summary_large_image","twitter_misc":{"Estimation du temps de lecture":"4 minutes"},"schema":{"@context":"https:\/\/schema.org","@graph":[{"@type":"WebPage","@id":"https:\/\/uk.sccl.com\/terms-of-service\/","url":"https:\/\/uk.sccl.com\/terms-of-service\/","name":"Terms of Service - SCCL","isPartOf":{"@id":"https:\/\/uk.sccl.com\/#website"},"datePublished":"2023-12-07T12:53:29+00:00","dateModified":"2024-01-03T17:18:04+00:00","breadcrumb":{"@id":"https:\/\/uk.sccl.com\/terms-of-service\/#breadcrumb"},"inLanguage":"fr-CA","potentialAction":[{"@type":"ReadAction","target":["https:\/\/uk.sccl.com\/terms-of-service\/"]}]},{"@type":"BreadcrumbList","@id":"https:\/\/uk.sccl.com\/terms-of-service\/#breadcrumb","itemListElement":[{"@type":"ListItem","position":1,"name":"Home","item":"https:\/\/uk.sccl.com\/"},{"@type":"ListItem","position":2,"name":"Terms of Service"}]},{"@type":"WebSite","@id":"https:\/\/uk.sccl.com\/#website","url":"https:\/\/uk.sccl.com\/","name":"SCCL","description":"","publisher":{"@id":"https:\/\/uk.sccl.com\/#organization"},"potentialAction":[{"@type":"SearchAction","target":{"@type":"EntryPoint","urlTemplate":"https:\/\/uk.sccl.com\/?s={search_term_string}"},"query-input":{"@type":"PropertyValueSpecification","valueRequired":true,"valueName":"search_term_string"}}],"inLanguage":"fr-CA"},{"@type":"Organization","@id":"https:\/\/uk.sccl.com\/#organization","name":"SCCL","url":"https:\/\/uk.sccl.com\/","logo":{"@type":"ImageObject","inLanguage":"fr-CA","@id":"https:\/\/uk.sccl.com\/#\/schema\/logo\/image\/","url":"https:\/\/uk.sccl.com\/wp-content\/uploads\/2023\/05\/logo.png","contentUrl":"https:\/\/uk.sccl.com\/wp-content\/uploads\/2023\/05\/logo.png","width":100,"height":100,"caption":"SCCL"},"image":{"@id":"https:\/\/uk.sccl.com\/#\/schema\/logo\/image\/"}}]}},"_links":{"self":[{"href":"https:\/\/uk.sccl.com\/fr\/wp-json\/wp\/v2\/pages\/371","targetHints":{"allow":["GET"]}}],"collection":[{"href":"https:\/\/uk.sccl.com\/fr\/wp-json\/wp\/v2\/pages"}],"about":[{"href":"https:\/\/uk.sccl.com\/fr\/wp-json\/wp\/v2\/types\/page"}],"author":[{"embeddable":true,"href":"https:\/\/uk.sccl.com\/fr\/wp-json\/wp\/v2\/users\/4"}],"replies":[{"embeddable":true,"href":"https:\/\/uk.sccl.com\/fr\/wp-json\/wp\/v2\/comments?post=371"}],"version-history":[{"count":0,"href":"https:\/\/uk.sccl.com\/fr\/wp-json\/wp\/v2\/pages\/371\/revisions"}],"wp:attachment":[{"href":"https:\/\/uk.sccl.com\/fr\/wp-json\/wp\/v2\/media?parent=371"}],"curies":[{"name":"wp","href":"https:\/\/api.w.org\/{rel}","templated":true}]}}