{"id":369,"date":"2023-12-07T12:51:18","date_gmt":"2023-12-07T12:51:18","guid":{"rendered":"https:\/\/sccluk.wpenginepowered.com\/?page_id=369"},"modified":"2024-11-06T16:40:21","modified_gmt":"2024-11-06T16:40:21","slug":"where-to-buy","status":"publish","type":"page","link":"https:\/\/uk.sccl.com\/fr\/where-to-buy\/","title":{"rendered":"O\u00f9 acheter"},"content":{"rendered":"<div data-elementor-type=\"wp-page\" data-elementor-id=\"369\" class=\"elementor elementor-369\" data-elementor-post-type=\"page\">\n\t\t\t\t<div class=\"elementor-element elementor-element-b46db6d e-flex e-con-boxed e-con e-parent\" data-id=\"b46db6d\" data-element_type=\"container\" data-settings=\"{&quot;background_background&quot;:&quot;slideshow&quot;,&quot;background_slideshow_gallery&quot;:[{&quot;id&quot;:665,&quot;url&quot;:&quot;https:\\\/\\\/uk.sccl.com\\\/wp-content\\\/uploads\\\/2023\\\/12\\\/IMG_3134_edited_LR.png&quot;},{&quot;id&quot;:673,&quot;url&quot;:&quot;https:\\\/\\\/uk.sccl.com\\\/wp-content\\\/uploads\\\/2023\\\/12\\\/AdobeStock_27467559-scaled.jpeg&quot;}],&quot;background_slideshow_slide_transition&quot;:&quot;slide_left&quot;,&quot;jet_parallax_layout_list&quot;:[],&quot;background_slideshow_loop&quot;:&quot;yes&quot;,&quot;background_slideshow_slide_duration&quot;:5000,&quot;background_slideshow_transition_duration&quot;:500}\">\n\t\t\t\t\t<div class=\"e-con-inner\">\n\t\t<div class=\"elementor-element elementor-element-40f0ffe e-con-full e-flex e-con e-child\" data-id=\"40f0ffe\" data-element_type=\"container\" data-settings=\"{&quot;jet_parallax_layout_list&quot;:[]}\">\n\t\t<div data-dce-background-color=\"#FFFFFF\" class=\"elementor-element elementor-element-d59b924 e-con-full e-flex e-con e-child\" data-id=\"d59b924\" data-element_type=\"container\" data-settings=\"{&quot;background_background&quot;:&quot;classic&quot;,&quot;jet_parallax_layout_list&quot;:[]}\">\n\t\t\t\t<div data-dce-title-color=\"#B71234\" class=\"elementor-element elementor-element-e46360e elementor-widget elementor-widget-heading\" data-id=\"e46360e\" data-element_type=\"widget\" data-widget_type=\"heading.default\">\n\t\t\t\t<div class=\"elementor-widget-container\">\n\t\t\t\t\t<h1 class=\"elementor-heading-title elementor-size-default\">O\u00f9 acheter<\/h1>\t\t\t\t<\/div>\n\t\t\t\t<\/div>\n\t\t\t\t<div data-dce-text-color=\"#181F24\" class=\"elementor-element elementor-element-d34279c elementor-widget elementor-widget-text-editor\" data-id=\"d34279c\" data-element_type=\"widget\" data-widget_type=\"text-editor.default\">\n\t\t\t\t<div class=\"elementor-widget-container\">\n\t\t\t\t\t\t\t\t\t<p>Nous proposons nos produits \u00e0 base de colostrum dans de nombreux pays d'Am\u00e9rique du Nord, d'Am\u00e9rique du Sud, d'Europe et d'Asie. Vous pouvez commander d\u00e8s aujourd'hui aupr\u00e8s d'un distributeur de produits pr\u00e8s de chez vous.<\/p>\t\t\t\t\t\t\t\t<\/div>\n\t\t\t\t<\/div>\n\t\t\t\t<\/div>\n\t\t\t\t<\/div>\n\t\t\t\t\t<\/div>\n\t\t\t\t<\/div>\n\t\t<div class=\"elementor-element elementor-element-f080438 e-flex e-con-boxed e-con e-parent\" data-id=\"f080438\" data-element_type=\"container\" data-settings=\"{&quot;jet_parallax_layout_list&quot;:[]}\">\n\t\t\t\t\t<div class=\"e-con-inner\">\n\t\t\t\t<div class=\"elementor-element elementor-element-efc73e2 elementor-widget elementor-widget-shortcode\" data-id=\"efc73e2\" data-element_type=\"widget\" data-widget_type=\"shortcode.default\">\n\t\t\t\t<div class=\"elementor-widget-container\">\n\t\t\t\t\t\t\t<div class=\"elementor-shortcode\"><\/div>\n\t\t\t\t\t\t<\/div>\n\t\t\t\t<\/div>\n\t\t\t\t\t<\/div>\n\t\t\t\t<\/div>\n\t\t<div class=\"elementor-element elementor-element-637d0bc e-flex e-con-boxed e-con e-parent\" data-id=\"637d0bc\" data-element_type=\"container\" data-settings=\"{&quot;jet_parallax_layout_list&quot;:[]}\">\n\t\t\t\t\t<div class=\"e-con-inner\">\n\t\t<a data-dce-background-image-url=\"https:\/\/uk.sccl.com\/wp-content\/uploads\/2023\/12\/CTA-CAT-2048x1142.jpg\" data-dce-background-hover-image-url=\"https:\/\/uk.sccl.com\/wp-content\/uploads\/2023\/12\/DOG1-2048x1141.jpg\" data-dce-advanced-background-hover-image-url=\"https:\/\/uk.sccl.com\/wp-content\/uploads\/2023\/12\/DOG1-2048x1141.jpg\" class=\"elementor-element elementor-element-71e1bfb e-flex e-con-boxed e-con e-child\" data-id=\"71e1bfb\" data-element_type=\"container\" data-settings=\"{&quot;background_background&quot;:&quot;classic&quot;,&quot;jet_parallax_layout_list&quot;:[]}\" href=\"mailto:support@uk.sccl.com\">\n\t\t\t\t\t<div class=\"e-con-inner\">\n\t\t\t\t\t<\/div>\n\t\t\t\t<\/a>\n\t\t\t\t\t<\/div>\n\t\t\t\t<\/div>\n\t\t<div class=\"elementor-element elementor-element-f0d9cc8 e-con-full e-flex e-con e-parent\" data-id=\"f0d9cc8\" data-element_type=\"container\" data-settings=\"{&quot;jet_parallax_layout_list&quot;:[]}\">\n\t\t<div class=\"elementor-element elementor-element-940a25c e-con-full e-flex e-con e-child\" data-id=\"940a25c\" data-element_type=\"container\" data-settings=\"{&quot;jet_parallax_layout_list&quot;:[]}\">\n\t\t<a data-dce-background-overlay-image-url=\"https:\/\/uk.sccl.com\/wp-content\/uploads\/2023\/08\/diamond-checkard-top-right.png\" class=\"elementor-element elementor-element-ff2d153 e-flex e-con-boxed e-con e-child\" data-id=\"ff2d153\" data-element_type=\"container\" data-settings=\"{&quot;background_background&quot;:&quot;classic&quot;,&quot;jet_parallax_layout_list&quot;:[]}\" href=\"mailto:marketing@uk.sccl.com\">\n\t\t\t\t\t<div class=\"e-con-inner\">\n\t\t<div class=\"elementor-element elementor-element-f551d13 e-con-full e-flex e-con e-child\" data-id=\"f551d13\" data-element_type=\"container\" data-settings=\"{&quot;jet_parallax_layout_list&quot;:[]}\">\n\t\t\t\t<div class=\"elementor-element elementor-element-b7e3637 elementor-widget elementor-widget-heading\" data-id=\"b7e3637\" data-element_type=\"widget\" data-widget_type=\"heading.default\">\n\t\t\t\t<div class=\"elementor-widget-container\">\n\t\t\t\t\t<h2 class=\"elementor-heading-title elementor-size-default\">Votre entreprise ne figure pas dans cette liste ?<\/h2>\t\t\t\t<\/div>\n\t\t\t\t<\/div>\n\t\t\t\t<div data-dce-text-color=\"#FFFFFF\" class=\"elementor-element elementor-element-8b1c059 elementor-widget elementor-widget-text-editor\" data-id=\"8b1c059\" data-element_type=\"widget\" data-widget_type=\"text-editor.default\">\n\t\t\t\t<div class=\"elementor-widget-container\">\n\t\t\t\t\t\t\t\t\tContactez-nous au sujet de la vente de nos produits !<br><b>marketing@uk.sccl.com\t\t\t\t\t\t\t\t<\/div>\n\t\t\t\t<\/div>\n\t\t\t\t<\/div>\n\t\t\t\t\t<\/div>\n\t\t\t\t<\/a>\n\t\t\t\t<\/div>\n\t\t\t\t<\/div>\n\t\t\t\t<\/div>","protected":false},"excerpt":{"rendered":"<p>Where to Buy We offer our colostrum products in many countries across North America, South America, Europe and Asia. You can order today through a product distributor near you. Don&#8217;t see your business in this list? Contact us about seeling our products!marketing@uk.sccl.com<\/p>","protected":false},"author":4,"featured_media":0,"parent":0,"menu_order":0,"comment_status":"closed","ping_status":"closed","template":"","meta":{"_acf_changed":false,"footnotes":""},"class_list":["post-369","page","type-page","status-publish","hentry"],"acf":[],"yoast_head":"<!-- This site is optimized with the Yoast SEO plugin v26.4 - https:\/\/yoast.com\/wordpress\/plugins\/seo\/ -->\n<title>Where to Buy - SCCL<\/title>\n<meta name=\"robots\" content=\"index, follow, max-snippet:-1, max-image-preview:large, max-video-preview:-1\" \/>\n<link rel=\"canonical\" href=\"https:\/\/uk.sccl.com\/fr\/where-to-buy\/\" \/>\n<meta property=\"og:locale\" content=\"fr_CA\" \/>\n<meta property=\"og:type\" content=\"article\" \/>\n<meta property=\"og:title\" content=\"Where to Buy - SCCL\" \/>\n<meta property=\"og:description\" content=\"Where to Buy We offer our colostrum products in many countries across North America, South America, Europe and Asia. You can order today through a product distributor near you. Don&#8217;t see your business in this list? Contact us about seeling our products!marketing@uk.sccl.com\" \/>\n<meta property=\"og:url\" content=\"https:\/\/uk.sccl.com\/fr\/where-to-buy\/\" \/>\n<meta property=\"og:site_name\" content=\"SCCL\" \/>\n<meta property=\"article:modified_time\" content=\"2024-11-06T16:40:21+00:00\" \/>\n<meta property=\"og:image\" content=\"https:\/\/uk.sccl.com\/wp-content\/uploads\/2023\/07\/IMG_3100-1024x701.jpg\" \/>\n<meta name=\"twitter:card\" content=\"summary_large_image\" \/>\n<meta name=\"twitter:label1\" content=\"Estimation du temps de lecture\" \/>\n\t<meta name=\"twitter:data1\" content=\"64 minutes\" \/>\n<script type=\"application\/ld+json\" class=\"yoast-schema-graph\">{\"@context\":\"https:\/\/schema.org\",\"@graph\":[{\"@type\":\"WebPage\",\"@id\":\"https:\/\/uk.sccl.com\/where-to-buy\/\",\"url\":\"https:\/\/uk.sccl.com\/where-to-buy\/\",\"name\":\"Where to Buy - SCCL\",\"isPartOf\":{\"@id\":\"https:\/\/uk.sccl.com\/#website\"},\"datePublished\":\"2023-12-07T12:51:18+00:00\",\"dateModified\":\"2024-11-06T16:40:21+00:00\",\"breadcrumb\":{\"@id\":\"https:\/\/uk.sccl.com\/where-to-buy\/#breadcrumb\"},\"inLanguage\":\"fr-CA\",\"potentialAction\":[{\"@type\":\"ReadAction\",\"target\":[\"https:\/\/uk.sccl.com\/where-to-buy\/\"]}]},{\"@type\":\"BreadcrumbList\",\"@id\":\"https:\/\/uk.sccl.com\/where-to-buy\/#breadcrumb\",\"itemListElement\":[{\"@type\":\"ListItem\",\"position\":1,\"name\":\"Home\",\"item\":\"https:\/\/uk.sccl.com\/\"},{\"@type\":\"ListItem\",\"position\":2,\"name\":\"Where to Buy\"}]},{\"@type\":\"WebSite\",\"@id\":\"https:\/\/uk.sccl.com\/#website\",\"url\":\"https:\/\/uk.sccl.com\/\",\"name\":\"SCCL\",\"description\":\"\",\"publisher\":{\"@id\":\"https:\/\/uk.sccl.com\/#organization\"},\"potentialAction\":[{\"@type\":\"SearchAction\",\"target\":{\"@type\":\"EntryPoint\",\"urlTemplate\":\"https:\/\/uk.sccl.com\/?s={search_term_string}\"},\"query-input\":{\"@type\":\"PropertyValueSpecification\",\"valueRequired\":true,\"valueName\":\"search_term_string\"}}],\"inLanguage\":\"fr-CA\"},{\"@type\":\"Organization\",\"@id\":\"https:\/\/uk.sccl.com\/#organization\",\"name\":\"SCCL\",\"url\":\"https:\/\/uk.sccl.com\/\",\"logo\":{\"@type\":\"ImageObject\",\"inLanguage\":\"fr-CA\",\"@id\":\"https:\/\/uk.sccl.com\/#\/schema\/logo\/image\/\",\"url\":\"https:\/\/uk.sccl.com\/wp-content\/uploads\/2023\/05\/logo.png\",\"contentUrl\":\"https:\/\/uk.sccl.com\/wp-content\/uploads\/2023\/05\/logo.png\",\"width\":100,\"height\":100,\"caption\":\"SCCL\"},\"image\":{\"@id\":\"https:\/\/uk.sccl.com\/#\/schema\/logo\/image\/\"}}]}<\/script>\n<!-- \/ Yoast SEO plugin. -->","yoast_head_json":{"title":"Where to Buy - SCCL","robots":{"index":"index","follow":"follow","max-snippet":"max-snippet:-1","max-image-preview":"max-image-preview:large","max-video-preview":"max-video-preview:-1"},"canonical":"https:\/\/uk.sccl.com\/fr\/where-to-buy\/","og_locale":"fr_CA","og_type":"article","og_title":"Where to Buy - SCCL","og_description":"Where to Buy We offer our colostrum products in many countries across North America, South America, Europe and Asia. You can order today through a product distributor near you. Don&#8217;t see your business in this list? Contact us about seeling our products!marketing@uk.sccl.com","og_url":"https:\/\/uk.sccl.com\/fr\/where-to-buy\/","og_site_name":"SCCL","article_modified_time":"2024-11-06T16:40:21+00:00","og_image":[{"url":"https:\/\/uk.sccl.com\/wp-content\/uploads\/2023\/07\/IMG_3100-1024x701.jpg","type":"","width":"","height":""}],"twitter_card":"summary_large_image","twitter_misc":{"Estimation du temps de lecture":"64 minutes"},"schema":{"@context":"https:\/\/schema.org","@graph":[{"@type":"WebPage","@id":"https:\/\/uk.sccl.com\/where-to-buy\/","url":"https:\/\/uk.sccl.com\/where-to-buy\/","name":"Where to Buy - SCCL","isPartOf":{"@id":"https:\/\/uk.sccl.com\/#website"},"datePublished":"2023-12-07T12:51:18+00:00","dateModified":"2024-11-06T16:40:21+00:00","breadcrumb":{"@id":"https:\/\/uk.sccl.com\/where-to-buy\/#breadcrumb"},"inLanguage":"fr-CA","potentialAction":[{"@type":"ReadAction","target":["https:\/\/uk.sccl.com\/where-to-buy\/"]}]},{"@type":"BreadcrumbList","@id":"https:\/\/uk.sccl.com\/where-to-buy\/#breadcrumb","itemListElement":[{"@type":"ListItem","position":1,"name":"Home","item":"https:\/\/uk.sccl.com\/"},{"@type":"ListItem","position":2,"name":"Where to Buy"}]},{"@type":"WebSite","@id":"https:\/\/uk.sccl.com\/#website","url":"https:\/\/uk.sccl.com\/","name":"SCCL","description":"","publisher":{"@id":"https:\/\/uk.sccl.com\/#organization"},"potentialAction":[{"@type":"SearchAction","target":{"@type":"EntryPoint","urlTemplate":"https:\/\/uk.sccl.com\/?s={search_term_string}"},"query-input":{"@type":"PropertyValueSpecification","valueRequired":true,"valueName":"search_term_string"}}],"inLanguage":"fr-CA"},{"@type":"Organization","@id":"https:\/\/uk.sccl.com\/#organization","name":"SCCL","url":"https:\/\/uk.sccl.com\/","logo":{"@type":"ImageObject","inLanguage":"fr-CA","@id":"https:\/\/uk.sccl.com\/#\/schema\/logo\/image\/","url":"https:\/\/uk.sccl.com\/wp-content\/uploads\/2023\/05\/logo.png","contentUrl":"https:\/\/uk.sccl.com\/wp-content\/uploads\/2023\/05\/logo.png","width":100,"height":100,"caption":"SCCL"},"image":{"@id":"https:\/\/uk.sccl.com\/#\/schema\/logo\/image\/"}}]}},"_links":{"self":[{"href":"https:\/\/uk.sccl.com\/fr\/wp-json\/wp\/v2\/pages\/369","targetHints":{"allow":["GET"]}}],"collection":[{"href":"https:\/\/uk.sccl.com\/fr\/wp-json\/wp\/v2\/pages"}],"about":[{"href":"https:\/\/uk.sccl.com\/fr\/wp-json\/wp\/v2\/types\/page"}],"author":[{"embeddable":true,"href":"https:\/\/uk.sccl.com\/fr\/wp-json\/wp\/v2\/users\/4"}],"replies":[{"embeddable":true,"href":"https:\/\/uk.sccl.com\/fr\/wp-json\/wp\/v2\/comments?post=369"}],"version-history":[{"count":0,"href":"https:\/\/uk.sccl.com\/fr\/wp-json\/wp\/v2\/pages\/369\/revisions"}],"wp:attachment":[{"href":"https:\/\/uk.sccl.com\/fr\/wp-json\/wp\/v2\/media?parent=369"}],"curies":[{"name":"wp","href":"https:\/\/api.w.org\/{rel}","templated":true}]}}